{"id":62,"date":"2018-08-28T14:10:20","date_gmt":"2018-08-28T14:10:20","guid":{"rendered":"http:\/\/extendthemes.com\/demos\/mesmerize-pro-clinic\/mesmerize-pro\/"},"modified":"2026-01-17T17:05:47","modified_gmt":"2026-01-17T16:05:47","slug":"mesmerize-pro","status":"publish","type":"page","link":"http:\/\/sbme.be\/","title":{"rendered":"Front Page"},"content":{"rendered":"<div  data-label=\"Over\" data-id=\"overlappable--1\" data-export-id=\"overlappable-3\" data-category=\"overlappable\" class=\"overlappable-3 content-section content-section-spacing\" data-overlap=\"true\" id=\"over-1\" style=\"background-color: rgb(255, 255, 255);\"><div  class=\"gridContainer\"> <div  class=\"row bg-color-white shadow-medium\"><div  class=\"col-xs-12 col-sm-6 image-col\" data-bg=\"image\" style=\"background-image: url(&quot;http:\/\/bveg.ovh\/wp-content\/uploads\/2018\/08\/background-footwear-girl-247746-saturation.jpg&quot;);\"><\/div> <div  class=\"col-xs-12 col-sm-6 content-col col-padding col-padding-xs\"> <div  class=\"col-padding\" data-type=\"column\"> <h4  class=\"\">A PROPOS DE NOUS<\/h4> <p  class=\"\">La Soci\u00e9t\u00e9 Belge de M\u00e9decine Esth\u00e9tique est une association nationale scientifique professionnelle pour m\u00e9decins esth\u00e9tiques.<br ><br >Elle organise r\u00e9guli\u00e8rement des workshops, formations continues et congr\u00e8s.\n<br ><br >\nLa SBME BVEG est reconnu dans de nombreux pays pour<br >son excellence scientifique et son respect de l\u2019\u00e9thique.<br >Elle est \u00e9galement l\u2019interlocuteur privil\u00e9gi\u00e9 des autorit\u00e9s politiques et du Conseil Sup\u00e9rieur de la Sant\u00e9.<br ><br >\nNous avons r\u00e9ussi \u00e0 accomplir beaucoup de choses pour la reconnaissance de notre domaine d\u2019activit\u00e9 m\u00e9dical et le combat se poursuit quotidiennement.<\/p> <\/div> <\/div><\/div> <div  class=\"row bg-color-white shadow-medium\"><div  class=\"col-xs-12 col-sm-6 content-col col-padding col-padding-xs\"> <div  class=\"col-padding\" data-type=\"column\"><h4  class=\"\">DEMANDE D\u2019ADHESION<\/h4> <p  class=\"\">Vous puvez demander votre adh\u00e9sion en nous envoyant un <a  data-mce-href=\"mailto:info@sbme-bveg.be\" href=\"mailto:info@sbme-bveg.be\" target=\"_self\" data-mce-selected=\"inline-boundary\" rel=\"noopener\">e-mail<\/a> ou en compl\u00e9tant le formulaire de contact.<br >\n<br >Nous vous ferons alors parvenir les documents n\u00e9cessaires.<br >\n<br ><br >\n<br ><br >\n<\/p> <\/div> <\/div> <div  class=\"col-xs-12 col-sm-6 image-col2 first-xs last-sm\" data-bg=\"image\" style=\"background-image: url(&quot;http:\/\/bveg.ovh\/wp-content\/uploads\/2018\/08\/cropped-massage-2722936_1920-1-1.jpg&quot;);\"><\/div> <\/div><\/div> <\/div><div  data-label=\"Bestuur\" data-id=\"team--1\" data-export-id=\"team-5\" data-category=\"team\" class=\"team-5 content-section content-section-spacing\" id=\"bestuur\" style=\"background-color: rgb(255, 255, 255);\"><div  class=\"gridContainer\"> <div  class=\"row text-center\"><div  class=\"section-title-col\" data-type=\"column\"> <h2  class=\"\">COMITE NATIONAL DE LA SBME BVEG<\/h2> <\/div> <\/div> <div  class=\"row spaced-cols content-center-sm\" data-type=\"row\"> <div  class=\"col-xs-12 col-sm-6 col-md-3 col-padding\"> <div  class=\"row \"> <div  data-type=\"column\" class=\"col-xs-12 col-sm-12\"> <img  loading=\"lazy\" decoding=\"async\" class=\"round face\" src=\"http:\/\/sbme.ovh\/wp-content\/uploads\/2023\/12\/cropped-OUTLOOK_YyJyMm80le.png\" title=\"cropped-OUTLOOK_YyJyMm80le.png\" alt=\"\"> <h4  class=\"font-500\">Dr Jean HEBRANT<\/h4> <p  class=\"italic\"><span  style=\"font-weight: 400;\">Pr\u00e9sident<\/span><\/p>  <div  class=\"social-icons-group\" data-type=\"group\"> <a  href=\"#\" target=\"_self\" data-reiki-hidden=\"true\" rel=\"noopener\"><i  class=\"fa icon fa-facebook-square gray\"><\/i><\/a> <a  href=\"#\" target=\"_self\" data-reiki-hidden=\"true\" rel=\"noopener\"><i  class=\"fa icon fa-twitter-square gray\"><\/i><\/a> <a  href=\"#\" target=\"_self\" data-reiki-hidden=\"true\" rel=\"noopener\"><i  class=\"fa icon fa-linkedin-square gray\"><\/i><\/a> <a  href=\"#\" target=\"_self\" data-reiki-hidden=\"true\" rel=\"noopener\"><i  class=\"fa icon fa-google-plus-square gray\"><\/i><\/a><\/div> <\/div><\/div> <\/div><div  class=\"col-xs-12 col-sm-6 col-md-3 col-padding\"> <div  class=\"row \"> <div  data-type=\"column\" class=\"col-xs-12 col-sm-12\"> <img loading=\"lazy\"  decoding=\"async\" class=\"round face\" src=\"https:\/\/i0.wp.com\/bveg.be\/wp-content\/uploads\/2023\/09\/cropped-Didier.png?w=3840&amp;ssl=1\" title=\"cropped-Didier.png\" alt=\"\" width=\"80\" height=\"80\"> <h4  class=\"font-500\">Dr Didier JEHIN\n<\/h4> <p  class=\"italic\"><span  style=\"font-weight: 400;\">Vice-Pr\u00e9sident<\/span><\/p>  <div  class=\"social-icons-group\" data-type=\"group\"> <a  href=\"#\" target=\"_self\" data-reiki-hidden=\"true\" rel=\"noopener\"><i  class=\"fa icon fa-facebook-square gray\"><\/i><\/a> <a  href=\"#\" target=\"_self\" data-reiki-hidden=\"true\" rel=\"noopener\"><i  class=\"fa icon fa-twitter-square gray\"><\/i><\/a> <a  href=\"#\" target=\"_self\" data-reiki-hidden=\"true\" rel=\"noopener\"><i  class=\"fa icon fa-linkedin-square gray\"><\/i><\/a> <a  href=\"#\" target=\"_self\" data-reiki-hidden=\"true\" rel=\"noopener\"><i  class=\"fa icon fa-google-plus-square gray\"><\/i><\/a><\/div> <\/div><\/div> <\/div>    <div  class=\"col-xs-12 col-sm-6 col-md-3 col-padding\"> <div  class=\"row \"> <div  data-type=\"column\" class=\"col-xs-12 col-sm-12\"> <img  decoding=\"async\" class=\"round face\" src=\"http:\/\/sbme.ovh\/wp-content\/uploads\/2023\/12\/cropped-OUTLOOK_Dr7zPjjEwq.png\" title=\"cropped-OUTLOOK_Dr7zPjjEwq.png\" alt=\"\"> <h4  class=\"font-500\">Dr Yvan BARTHOLOME<\/h4> <p  class=\"italic\" style=\"text-align: center;\"><span  style=\"font-weight: 400;\">Vice-Pr\u00e9sident<\/span><span  id=\"_mce_caret\" data-mce-bogus=\"1\" data-mce-type=\"format-caret\"><span  style=\"font-weight: 200;\">\ufeff<\/span><\/span>\n<br ><span  style=\"font-weight: 100;\">Pr\u00e9sident Soci\u00e9t\u00e9 Scientifique Belge de M\u00e9soth\u00e9rapie \u2013 SSBM<\/span><\/p>  <div  class=\"social-icons-group\" data-type=\"group\"> <a  href=\"#\" target=\"_self\" data-reiki-hidden=\"true\" rel=\"noopener\"><i  class=\"fa icon fa-facebook-square gray\"><\/i><\/a> <a  href=\"#\" target=\"_self\" data-reiki-hidden=\"true\" rel=\"noopener\"><i  class=\"fa icon fa-twitter-square gray\"><\/i><\/a> <a  href=\"#\" target=\"_self\" data-reiki-hidden=\"true\" rel=\"noopener\"><i  class=\"fa icon fa-linkedin-square gray\"><\/i><\/a> <a  href=\"#\" target=\"_self\" data-reiki-hidden=\"true\" rel=\"noopener\"><i  class=\"fa icon fa-google-plus-square gray\"><\/i><\/a><\/div> <\/div><\/div> <\/div><div  class=\"col-xs-12 col-sm-6 col-md-3 col-padding\"> <div  class=\"row \"> <div  data-type=\"column\" class=\"col-xs-12 col-sm-12\"> <img  decoding=\"async\" class=\"round face\" src=\"http:\/\/sbme.ovh\/wp-content\/uploads\/2023\/12\/cropped-OUTLOOK_FooIaM0A7P.png\" title=\"cropped-OUTLOOK_FooIaM0A7P.png\" alt=\"\"> <h4  class=\"font-500\">Dr Muriel CREUSOT<\/h4> <p  class=\"italic\"><span  style=\"font-weight: 400;\">Secr\u00e9taire<\/span><\/p>  <div  class=\"social-icons-group\" data-type=\"group\"> <a  href=\"#\" target=\"_self\" data-reiki-hidden=\"true\" rel=\"noopener\"><i  class=\"fa icon fa-facebook-square gray\"><\/i><\/a> <a  href=\"#\" target=\"_self\" data-reiki-hidden=\"true\" rel=\"noopener\"><i  class=\"fa icon fa-twitter-square gray\"><\/i><\/a> <a  href=\"#\" target=\"_self\" data-reiki-hidden=\"true\" rel=\"noopener\"><i  class=\"fa icon fa-linkedin-square gray\"><\/i><\/a> <a  href=\"#\" target=\"_self\" data-reiki-hidden=\"true\" rel=\"noopener\"><i  class=\"fa icon fa-google-plus-square gray\"><\/i><\/a><\/div> <\/div><\/div> <\/div>   <div  class=\"col-xs-12 col-sm-6 col-md-3 col-padding\"> <div  class=\"row \"> <div  data-type=\"column\" class=\"col-xs-12 col-sm-12\"> <img  decoding=\"async\" class=\"round face\" src=\"http:\/\/sbme.ovh\/wp-content\/uploads\/2023\/12\/cropped-OUTLOOK_i3rZbPGNbN.png\" title=\"cropped-OUTLOOK_i3rZbPGNbN.png\" alt=\"\"> <h4  class=\"font-500\">Dr Alain COLIGNON<\/h4> <p  class=\"italic\"><span  style=\"font-weight: 400;\">Tr\u00e9sorier<\/span><\/p>  <div  class=\"social-icons-group\" data-type=\"group\"> <a  href=\"#\" target=\"_self\" data-reiki-hidden=\"true\" rel=\"noopener\"><i  class=\"fa icon fa-facebook-square gray\"><\/i><\/a> <a  href=\"#\" target=\"_self\" data-reiki-hidden=\"true\" rel=\"noopener\"><i  class=\"fa icon fa-twitter-square gray\"><\/i><\/a> <a  href=\"#\" target=\"_self\" data-reiki-hidden=\"true\" rel=\"noopener\"><i  class=\"fa icon fa-linkedin-square gray\"><\/i><\/a> <a  href=\"#\" target=\"_self\" data-reiki-hidden=\"true\" rel=\"noopener\"><i  class=\"fa icon fa-google-plus-square gray\"><\/i><\/a><\/div> <\/div><\/div> <\/div><div  class=\"col-xs-12 col-sm-6 col-md-3 col-padding\"> <div  class=\"row \"> <div  data-type=\"column\" class=\"col-xs-12 col-sm-12\"> <img  loading=\"lazy\" decoding=\"async\" class=\"round face\" src=\"http:\/\/sbme.ovh\/wp-content\/uploads\/2023\/12\/cropped-OUTLOOK_sgwLZCx5uu.png\" title=\"cropped-OUTLOOK_sgwLZCx5uu.png\" alt=\"\"> <h4  class=\"font-500\">Dr Luc-Louis HUYSMANS<\/h4> <p  class=\"italic\"><span  style=\"font-weight: 400;\">Membre du comit\u00e9\n<\/span><br ><span  style=\"font-weight: 400;\">Membre d\u2019honneur\n<\/span><br ><span  style=\"font-weight: 400;\">Past Vice-Pr\u00e9sident<\/span><\/p>  <div  class=\"social-icons-group\" data-type=\"group\"> <a  href=\"#\" target=\"_self\" data-reiki-hidden=\"true\" rel=\"noopener\"><i  class=\"fa icon fa-facebook-square gray\"><\/i><\/a> <a  href=\"#\" target=\"_self\" data-reiki-hidden=\"true\" rel=\"noopener\"><i  class=\"fa icon fa-twitter-square gray\"><\/i><\/a> <a  href=\"#\" target=\"_self\" data-reiki-hidden=\"true\" rel=\"noopener\"><i  class=\"fa icon fa-linkedin-square gray\"><\/i><\/a> <a  href=\"#\" target=\"_self\" data-reiki-hidden=\"true\" rel=\"noopener\"><i  class=\"fa icon fa-google-plus-square gray\"><\/i><\/a><\/div> <\/div><\/div> <\/div><div  class=\"col-xs-12 col-sm-6 col-md-3 col-padding\"> <div  class=\"row \"> <div  data-type=\"column\" class=\"col-xs-12 col-sm-12\"> <img  decoding=\"async\" class=\"round face\" src=\"http:\/\/sbme.ovh\/wp-content\/uploads\/2023\/09\/cropped-cropped-Szajek.png\" title=\"cropped-cropped-Szajek.png\" alt=\"\"> <h4  class=\"font-500\">Dr Alexander SZAJEK\n<\/h4> <p  class=\"italic\"><span  style=\"font-weight: 400;\">Membre du comit\u00e9<\/span><\/p>  <div  class=\"social-icons-group\" data-type=\"group\"> <a  href=\"#\" target=\"_self\" data-reiki-hidden=\"true\" rel=\"noopener\"><i  class=\"fa icon fa-facebook-square gray\"><\/i><\/a> <a  href=\"#\" target=\"_self\" data-reiki-hidden=\"true\" rel=\"noopener\"><i  class=\"fa icon fa-twitter-square gray\"><\/i><\/a> <a  href=\"#\" target=\"_self\" data-reiki-hidden=\"true\" rel=\"noopener\"><i  class=\"fa icon fa-linkedin-square gray\"><\/i><\/a> <a  href=\"#\" target=\"_self\" data-reiki-hidden=\"true\" rel=\"noopener\"><i  class=\"fa icon fa-google-plus-square gray\"><\/i><\/a><\/div> <\/div><\/div> <\/div><div  class=\"col-xs-12 col-sm-6 col-md-3 col-padding\"> <div  class=\"row \"> <div  data-type=\"column\" class=\"col-xs-12 col-sm-12\"> <img  loading=\"lazy\" decoding=\"async\" class=\"round face\" src=\"http:\/\/sbme.be\/wp-content\/uploads\/2025\/11\/cropped-Luc-Vandenitte.png\" title=\"cropped-Luc-Vandenitte.png\" alt=\"\"> <h4  class=\"font-500\">Dr Luc VANDENITTE<\/h4> <p  class=\"italic\"><span  style=\"font-weight: 400;\">Membre du comit\u00e9<\/span><\/p>  <div  class=\"social-icons-group\" data-type=\"group\"> <a  href=\"#\" target=\"_self\" data-reiki-hidden=\"true\" rel=\"noopener\"><i  class=\"fa icon fa-facebook-square gray\"><\/i><\/a> <a  href=\"#\" target=\"_self\" data-reiki-hidden=\"true\" rel=\"noopener\"><i  class=\"fa icon fa-twitter-square gray\"><\/i><\/a> <a  href=\"#\" target=\"_self\" data-reiki-hidden=\"true\" rel=\"noopener\"><i  class=\"fa icon fa-linkedin-square gray\"><\/i><\/a> <a  href=\"#\" target=\"_self\" data-reiki-hidden=\"true\" rel=\"noopener\"><i  class=\"fa icon fa-google-plus-square gray\"><\/i><\/a><\/div> <\/div><\/div> <\/div><\/div> <\/div><\/div><div  data-label=\"Contact\" data-id=\"contact--1\" data-export-id=\"contact-1\" data-category=\"contact\" class=\"contact-1 content-section content-section-spacing white-text content-relative\" data-parallax-depth=\"20\" id=\"contact\" style=\"background-color: rgb(245, 250, 253); background-image: url(&quot;http:\/\/bveg.ovh\/wp-content\/uploads\/2018\/08\/doctor-1149149-1.jpg&quot;); background-size: cover; background-position: center top;\" data-section-ov=\"1\"><div  class=\"section-separator-top\">\n    <svg  xmlns=\"http:\/\/www.w3.org\/2000\/svg\" viewBox=\"0 0 1000 100\" preserveAspectRatio=\"none\" data-separator-name=\"curve\" class=\"section-separator-top\">\n    <path  class=\"svg-white-bg\" d=\"M1000,4.3V0H0v4.3C0.9,23.1,126.7,99.2,500,100S1000,22.7,1000,4.3z\"><\/path>\n<\/svg>\n<\/div><div  class=\"gridContainer\"> <div  class=\"row text-center\"><div  class=\"section-title-col\" data-type=\"column\"> <h2  class=\"\">\n<br >Contactez-nous<\/h2> <\/div> <\/div> <div  class=\"row text-center\"> <div  class=\"col-xs-12 col-sm-8 col-sm-offset-2 contact-form-wrapper inline-info\"> <div  class=\"card large-padding\"> <div  class=\"\" data-content-shortcode=\"mesmerize_contact_form shortcode=&quot;contact-form-7 id=&amp;amp;quot;c259366&amp;amp;quot; title=&amp;amp;quot;contact-form&amp;amp;quot;&quot;\" data-editable=\"true\">\n<div class=\"wpcf7 no-js\" id=\"wpcf7-f69-o1\" lang=\"en-US\" dir=\"ltr\" data-wpcf7-id=\"69\">\n<div class=\"screen-reader-response\"><p role=\"status\" aria-live=\"polite\" aria-atomic=\"true\"><\/p> <ul><\/ul><\/div>\n<form action=\"\/index.php\/wp-json\/wp\/v2\/pages\/62#wpcf7-f69-o1\" method=\"post\" class=\"wpcf7-form init\" aria-label=\"Contact form\" novalidate=\"novalidate\" data-status=\"init\">\n<fieldset class=\"hidden-fields-container\"><input type=\"hidden\" name=\"_wpcf7\" value=\"69\" \/><input type=\"hidden\" name=\"_wpcf7_version\" value=\"6.1.4\" \/><input type=\"hidden\" name=\"_wpcf7_locale\" value=\"en_US\" \/><input type=\"hidden\" name=\"_wpcf7_unit_tag\" value=\"wpcf7-f69-o1\" \/><input type=\"hidden\" name=\"_wpcf7_container_post\" value=\"0\" \/><input type=\"hidden\" name=\"_wpcf7_posted_data_hash\" value=\"\" \/>\n<\/fieldset>\n<div class=\"wpcf7-turnstile cf-turnstile\" data-sitekey=\"0x4AAAAAACMEOOh2wEMsTrvc\" data-response-field-name=\"_wpcf7_turnstile_response\"><\/div>\n\n<p><label> Nom<br \/>\n<span class=\"wpcf7-form-control-wrap\" data-name=\"your-name\"><input size=\"40\" maxlength=\"400\" class=\"wpcf7-form-control wpcf7-text wpcf7-validates-as-required\" aria-required=\"true\" aria-invalid=\"false\" value=\"\" type=\"text\" name=\"your-name\" \/><\/span> <\/label>\n<\/p>\n<p><label> E-mail<br \/>\n<span class=\"wpcf7-form-control-wrap\" data-name=\"your-email\"><input size=\"40\" maxlength=\"400\" class=\"wpcf7-form-control wpcf7-email wpcf7-validates-as-required wpcf7-text wpcf7-validates-as-email\" aria-required=\"true\" aria-invalid=\"false\" value=\"\" type=\"email\" name=\"your-email\" \/><\/span> <\/label>\n<\/p>\n<p><label> Sujet<br \/>\n<span class=\"wpcf7-form-control-wrap\" data-name=\"your-subject\"><input size=\"40\" maxlength=\"400\" class=\"wpcf7-form-control wpcf7-text\" aria-invalid=\"false\" value=\"\" type=\"text\" name=\"your-subject\" \/><\/span> <\/label>\n<\/p>\n<p><label> Message<br \/>\n<span class=\"wpcf7-form-control-wrap\" data-name=\"your-message\"><textarea cols=\"40\" rows=\"10\" maxlength=\"2000\" class=\"wpcf7-form-control wpcf7-textarea\" aria-invalid=\"false\" name=\"your-message\"><\/textarea><\/span> <\/label>\n<\/p>\n<p><span class=\"wpcf7-form-control-wrap\" data-name=\"quiz-371\"><label><span class=\"wpcf7-quiz-label\">Contr\u00f4le du spam : combien font 7 + 2 ?<\/span> <input size=\"40\" class=\"wpcf7-form-control wpcf7-quiz\" autocomplete=\"off\" aria-required=\"true\" aria-invalid=\"false\" type=\"text\" name=\"quiz-371\" \/><\/label><input type=\"hidden\" name=\"_wpcf7_quiz_answer_quiz-371\" value=\"2ce635af75826afa05f04e8aa8bdfce9\" \/><\/span>\n<\/p>\n<p><input class=\"wpcf7-form-control wpcf7-submit has-spinner\" type=\"submit\" value=\"Envoyer\" \/>\n<\/p><div class=\"wpcf7-response-output\" aria-hidden=\"true\"><\/div>\n<\/form>\n<\/div>\n<\/div><\/div> <\/div><\/div> <\/div><\/div>","protected":false},"excerpt":{"rendered":"<p>A PROPOS DE NOUS La Soci\u00e9t\u00e9 Belge de M\u00e9decine Esth\u00e9tique est une association nationale scientifique professionnelle pour m\u00e9decins esth\u00e9tiques.Elle organise r\u00e9guli\u00e8rement des workshops, formations continues et congr\u00e8s. La SBME BVEG&hellip; <br \/> <a class=\"read-more\" href=\"http:\/\/sbme.be\/\">Read more<\/a><\/p>\n","protected":false},"author":1,"featured_media":0,"parent":0,"menu_order":0,"comment_status":"closed","ping_status":"closed","template":"page-templates\/homepage.php","meta":{"footnotes":""},"class_list":["post-62","page","type-page","status-publish","hentry"],"_links":{"self":[{"href":"http:\/\/sbme.be\/index.php\/wp-json\/wp\/v2\/pages\/62","targetHints":{"allow":["GET"]}}],"collection":[{"href":"http:\/\/sbme.be\/index.php\/wp-json\/wp\/v2\/pages"}],"about":[{"href":"http:\/\/sbme.be\/index.php\/wp-json\/wp\/v2\/types\/page"}],"author":[{"embeddable":true,"href":"http:\/\/sbme.be\/index.php\/wp-json\/wp\/v2\/users\/1"}],"replies":[{"embeddable":true,"href":"http:\/\/sbme.be\/index.php\/wp-json\/wp\/v2\/comments?post=62"}],"version-history":[{"count":55,"href":"http:\/\/sbme.be\/index.php\/wp-json\/wp\/v2\/pages\/62\/revisions"}],"predecessor-version":[{"id":1267,"href":"http:\/\/sbme.be\/index.php\/wp-json\/wp\/v2\/pages\/62\/revisions\/1267"}],"wp:attachment":[{"href":"http:\/\/sbme.be\/index.php\/wp-json\/wp\/v2\/media?parent=62"}],"curies":[{"name":"wp","href":"https:\/\/api.w.org\/{rel}","templated":true}]}}