{"id":633,"date":"2024-01-26T18:25:11","date_gmt":"2024-01-26T17:25:11","guid":{"rendered":"http:\/\/sbme.be\/?page_id=633"},"modified":"2026-02-22T11:15:41","modified_gmt":"2026-02-22T10:15:41","slug":"partenaires","status":"publish","type":"page","link":"https:\/\/sbme.be\/index.php\/partenaires\/","title":{"rendered":"Partenaires"},"content":{"rendered":"<div  data-label=\"Overlappable\" data-id=\"overlappable--1\" data-export-id=\"overlappable-4\" data-category=\"overlappable\" class=\"overlappable-4 content-section content-section-spacing\" data-overlap=\"true\" id=\"overlappable-1\" style=\"background-color: rgb(255, 255, 255);\"><div  class=\"gridContainer\"> <div  data-type=\"row\" class=\"row spaced-cols text-center\"><div  class=\"col-xs-12 col-sm-4 col-padding\"> <i  class=\"fa icon shadow-large-black aligncenter fa-heart reverse round large color1\"><\/i> <div  data-type=\"column\" class=\"\"><h5  class=\"\">SSBM \u2013 MESOTHERAPIE<\/h5> <p  class=\"\"><span  style=\"font-weight: 500;\">Retrouvez les infos concernant la Soci\u00e9t\u00e9 Scientifique Belge de M\u00e9soth\u00e9rapie \u2013 SSBM \u2013 <a  data-mce-href=\"https:\/\/mesotherapie-ssbm.be\/agenda\" href=\"https:\/\/mesotherapie-ssbm.be\/agenda\" target=\"_blank\" rel=\"noopener\" data-mce-selected=\"inline-boundary\" data-cp-link=\"1\" class=\"\">ICI<\/a><\/span><\/p><\/div> <\/div><div  class=\"col-xs-12 col-sm-4 col-padding\"> <i  class=\"fa icon shadow-large-black aligncenter fa-anchor reverse round large color1\"><\/i> <div  data-type=\"column\" class=\"\"><h5  class=\"\">CORSICA M. S. 11, 12 &amp; 13\/6\/2026<\/h5> <p  class=\"\" style=\"text-align: center;\">Toutes les infos sur le <span  style=\"font-weight: 500;\">Congr\u00e8s Corse de M\u00e9decine Esth\u00e9tique (CMS \u2013 CORSICA MEDICAL SUMMIT) 2026<\/span>&nbsp;<a  data-mce-href=\"https:\/\/www.corsica-medical-summit.com\/\" href=\"https:\/\/www.corsica-medical-summit.com\" target=\"_blank\" rel=\"noopener\" data-mce-selected=\"inline-boundary\" data-cp-link=\"1\" class=\"\"><span  style=\"font-weight: 500;\">ICI<\/span><\/a><a  data-mce-href=\"https:\/\/www.corsica-medical-summit.com\" href=\"https:\/\/www.corsica-medical-summit.com\" target=\"_blank\" rel=\"noopener\" data-mce-selected=\"inline-boundary\" data-cp-link=\"1\" class=\"\"><\/a><\/p><\/div> <\/div><div  class=\"col-xs-12 col-sm-4 col-padding\"> <i  class=\"fa icon shadow-large-black aligncenter fa-globe reverse round large color1\"><\/i> <div  data-type=\"column\" class=\"\"><h5  class=\"\">IMCAS 2026<\/h5> <p  class=\"\">Retrouvez les informations sur<br ><span >les congr\u00e8s&nbsp;<\/span><span  style=\"font-weight: 500;\">IMCAS<\/span>&nbsp;<a  data-mce-href=\"https:\/\/www.imcas.com\/fr\/\" href=\"https:\/\/www.imcas.com\/fr\" target=\"_blank\" rel=\"noopener\" data-mce-selected=\"inline-boundary\" data-cp-link=\"1\" class=\"\">ICI<\/a><\/p><\/div> <\/div><div  class=\"col-xs-12 col-sm-4 col-padding\"> <i  class=\"fa icon shadow-large-black aligncenter fa-user-md reverse round large color1\"><\/i> <div  data-type=\"column\" class=\"\"> <h5  class=\"\">ESTHETIQUE EN DERMATOLOGIE<\/h5> <p  class=\"\" style=\"text-align: center;\">Toutes les infos sur les <span  style=\"font-weight: 500;\">Journ\u00e9es Annuelles 2026&nbsp; de la Soci\u00e9t\u00e9 Fran\u00e7aise d\u2019Esth\u00e9tique en Dermatologie<\/span> se retrouvent <a  data-mce-href=\"https:\/\/www.sfed.net\/\" href=\"https:\/\/www.sfed.net\" target=\"_blank\" rel=\"noopener\" data-mce-selected=\"inline-boundary\" data-cp-link=\"1\" class=\"\">iCI<\/a><\/p><\/div> <\/div><div  class=\"col-xs-12 col-sm-4 col-padding\"> <i  class=\"fa icon shadow-large-black aligncenter fa-institution reverse round large color1\"><\/i> <div  data-type=\"column\" class=\"\"><h5  class=\"\">CONGRES SFME 2026<\/h5> <p  class=\"\">Retrouvez les informations sur le&nbsp;<span  style=\"font-weight: 500;\">Congr\u00e8s 2026 de M\u00e9decine Esth\u00e9tique et de Chirurgie Dermatologique&nbsp;<\/span>\u00e0 Paris <span  style=\"font-weight: 500;\"><a  data-mce-href=\"https:\/\/www.sfme.info\/\" href=\"https:\/\/www.sfme.info\" target=\"_blank\" rel=\"noopener\" data-mce-selected=\"inline-boundary\" data-cp-link=\"1\" class=\"\">ICI<\/a><a  data-mce-href=\"https:\/\/www.congres-sfme.com\/fr\/attend\/congres-sfme-2025\" href=\"https:\/\/www.congres-sfme.com\/fr\/attend\/congres-sfme-2025\" target=\"_blank\" rel=\"noopener\" data-mce-selected=\"inline-boundary\" data-cp-link=\"1\" class=\"\"><\/a><\/span><\/p><\/div> <\/div><div  class=\"col-xs-12 col-sm-4 col-padding\"> <i  class=\"fa icon shadow-large-black aligncenter fa-graduation-cap reverse round large color1\"><\/i> <div  data-type=\"column\" class=\"\"> <h5  class=\"\">SFLD 2026<\/h5> <p  class=\"\" style=\"text-align: center;\">Retrouvez les congr\u00e8s et formations organis\u00e9s par la <span  style=\"font-weight: 500;\">Soci\u00e9t\u00e9 Fran\u00e7aise des Lasers en Dermatologie &amp; Dispositifs \u00e0 Base d\u2019Energie&nbsp;<\/span><a  data-mce-href=\"https:\/\/www.sfldlaser.com\" href=\"https:\/\/www.sfldlaser.com\" target=\"_blank\" rel=\"noopener\" data-mce-selected=\"inline-boundary\" data-cp-link=\"1\" class=\"\">ICI<\/a><\/p><\/div> <\/div>  <\/div> <\/div><\/div>","protected":false},"excerpt":{"rendered":"<p>SSBM \u2013 MESOTHERAPIE Retrouvez les infos concernant la Soci\u00e9t\u00e9 Scientifique Belge de M\u00e9soth\u00e9rapie \u2013 SSBM \u2013 ICI CORSICA M. S. 11, 12 &amp; 13\/6\/2026 Toutes les infos sur le Congr\u00e8s&hellip; <br \/> <a class=\"read-more\" href=\"https:\/\/sbme.be\/index.php\/partenaires\/\">Read more<\/a><\/p>\n","protected":false},"author":2,"featured_media":0,"parent":0,"menu_order":0,"comment_status":"closed","ping_status":"closed","template":"pro\/page-templates\/full-width-page.php","meta":{"footnotes":""},"class_list":["post-633","page","type-page","status-publish","hentry"],"_links":{"self":[{"href":"https:\/\/sbme.be\/index.php\/wp-json\/wp\/v2\/pages\/633","targetHints":{"allow":["GET"]}}],"collection":[{"href":"https:\/\/sbme.be\/index.php\/wp-json\/wp\/v2\/pages"}],"about":[{"href":"https:\/\/sbme.be\/index.php\/wp-json\/wp\/v2\/types\/page"}],"author":[{"embeddable":true,"href":"https:\/\/sbme.be\/index.php\/wp-json\/wp\/v2\/users\/2"}],"replies":[{"embeddable":true,"href":"https:\/\/sbme.be\/index.php\/wp-json\/wp\/v2\/comments?post=633"}],"version-history":[{"count":24,"href":"https:\/\/sbme.be\/index.php\/wp-json\/wp\/v2\/pages\/633\/revisions"}],"predecessor-version":[{"id":1339,"href":"https:\/\/sbme.be\/index.php\/wp-json\/wp\/v2\/pages\/633\/revisions\/1339"}],"wp:attachment":[{"href":"https:\/\/sbme.be\/index.php\/wp-json\/wp\/v2\/media?parent=633"}],"curies":[{"name":"wp","href":"https:\/\/api.w.org\/{rel}","templated":true}]}}