{"id":852,"date":"2024-08-02T16:52:25","date_gmt":"2024-08-02T14:52:25","guid":{"rendered":"https:\/\/sbme.be\/?page_id=852"},"modified":"2026-02-22T11:17:24","modified_gmt":"2026-02-22T10:17:24","slug":"formation","status":"publish","type":"page","link":"https:\/\/sbme.be\/index.php\/formation\/","title":{"rendered":"FORMATION"},"content":{"rendered":"<div  data-label=\"About\" data-id=\"about--1\" data-export-id=\"about-text-image\" data-category=\"about\" class=\"about-text-image content-section content-section-spacing dark-text\" id=\"about-1\" style=\"background-color: rgb(255, 255, 255); background-image: none;\" data-section-ov=\"1\"><div  class=\"gridContainer\"> <div  class=\"row\"><div  class=\"col-sm-6 col-padding-small-xs col-sm-padding-large bg-color5 white-text content-col\" data-type=\"column\">  <h2  class=\"\" style=\"text-align: left;\"><span  style=\"font-weight: 300;\"><span  style=\"font-weight: 200;\">SWISS AESTHETIC MEDICINE&nbsp; AND BUSINESS ACADEMY<\/span><\/span><span  id=\"_mce_caret\" data-mce-bogus=\"1\" data-mce-type=\"format-caret\"><span  style=\"font-weight: 300;\">\ufeff<\/span><\/span><\/h2> <p  class=\"\">Nous collaborons avec la Swiss Aesthetic Medicine and Business Academy \u2013 SAMBA \u2013 pour la formation de nos membres.&nbsp;\n<br ><br >Parall\u00e8lement \u00e0 la formation compl\u00e8te, il est \u00e9galement possible de se recycler dans les mati\u00e8res de son choix en s\u2019inscrivant \u00e0 des modules ind\u00e9pendants (anatomie, injectables, laser, corps, etc.)<br ><br ><span  style=\"font-weight: 500;\">Int\u00e9ress\u00e9 ?<\/span>&nbsp;Demandez votre inscription, avec un prix sp\u00e9cial r\u00e9serv\u00e9 aux membres, via le \n<br >lien ci-dessous ou par e-mail \u00e0 \n<br >info(at)sbme-bveg.be\n<br ><br >Formation en anglais sous-titr\u00e9e en fran\u00e7ais<br ><br ><a  data-mce-href=\"https:\/\/bveg.be\/wp-content\/uploads\/2024\/08\/FR_SBME_BVEG_SAMBA.pdf\" href=\"https:\/\/bveg.be\/wp-content\/uploads\/2024\/08\/FR_SBME_BVEG_SAMBA.pdf\" target=\"_blank\" rel=\"noopener\" data-mce-selected=\"inline-boundary\" data-cp-link=\"1\" class=\"\">PROSPECTUS<\/a>\n<br ><a  href=\"https:\/\/sambacademy.com\/fr\/a-propos\" target=\"_blank\" rel=\"noopener\" data-mce-href=\"https:\/\/sambacademy.com\/fr\/a-propos\/\" data-mce-selected=\"inline-boundary\" data-cp-link=\"1\" class=\"\">VISITEZ LE SITE SAMBA<\/a><br ><a  data-mce-href=\"mailto:info@sbme-bveg.be\" href=\"mailto:info@sbme-bveg.be\" target=\"_blank\" rel=\"noopener\" data-mce-selected=\"inline-boundary\" data-cp-link=\"1\">ENVOYEZ UN MESSAGE POUR VOUS INSCRIRE<\/a><\/p><\/div> <div  class=\"col-sm-6 flexbox-strech center-xs middle-xs no-gutter-col\"><div  class=\"shadow-large overlap-left-large flexbox middle-xs center-xs right-img\" data-bg=\"image\" style=\"background-image: url(&quot;http:\/\/sbme.be\/wp-content\/uploads\/2024\/08\/FR.jpg&quot;);\"><\/div><\/div> <\/div><\/div> <\/div>","protected":false},"excerpt":{"rendered":"<p>SWISS AESTHETIC MEDICINE&nbsp; AND BUSINESS ACADEMY\ufeff Nous collaborons avec la Swiss Aesthetic Medicine and Business Academy \u2013 SAMBA \u2013 pour la formation de nos membres.&nbsp; Parall\u00e8lement \u00e0 la formation compl\u00e8te,&hellip; <br \/> <a class=\"read-more\" href=\"https:\/\/sbme.be\/index.php\/formation\/\">Read more<\/a><\/p>\n","protected":false},"author":2,"featured_media":0,"parent":0,"menu_order":0,"comment_status":"closed","ping_status":"closed","template":"pro\/page-templates\/full-width-page.php","meta":{"footnotes":""},"class_list":["post-852","page","type-page","status-publish","hentry"],"_links":{"self":[{"href":"https:\/\/sbme.be\/index.php\/wp-json\/wp\/v2\/pages\/852","targetHints":{"allow":["GET"]}}],"collection":[{"href":"https:\/\/sbme.be\/index.php\/wp-json\/wp\/v2\/pages"}],"about":[{"href":"https:\/\/sbme.be\/index.php\/wp-json\/wp\/v2\/types\/page"}],"author":[{"embeddable":true,"href":"https:\/\/sbme.be\/index.php\/wp-json\/wp\/v2\/users\/2"}],"replies":[{"embeddable":true,"href":"https:\/\/sbme.be\/index.php\/wp-json\/wp\/v2\/comments?post=852"}],"version-history":[{"count":20,"href":"https:\/\/sbme.be\/index.php\/wp-json\/wp\/v2\/pages\/852\/revisions"}],"predecessor-version":[{"id":1341,"href":"https:\/\/sbme.be\/index.php\/wp-json\/wp\/v2\/pages\/852\/revisions\/1341"}],"wp:attachment":[{"href":"https:\/\/sbme.be\/index.php\/wp-json\/wp\/v2\/media?parent=852"}],"curies":[{"name":"wp","href":"https:\/\/api.w.org\/{rel}","templated":true}]}}